{"id":1390,"date":"2022-12-10T22:39:53","date_gmt":"2022-12-10T22:39:53","guid":{"rendered":"https:\/\/www.fourwinds.pt\/inicio\/?page_id=1390"},"modified":"2023-02-25T21:54:21","modified_gmt":"2023-02-25T21:54:21","slug":"trampolim-2","status":"publish","type":"page","link":"https:\/\/www.fourwinds.pt\/inicio\/trampolim-2\/","title":{"rendered":"Trampolim"},"content":{"rendered":"<div id=\"pl-1390\"  class=\"panel-layout\" ><div id=\"pg-1390-0\"  class=\"panel-grid panel-has-style\" ><div id=\"services\" class=\"panel-row-style panel-row-style-for-1390-0\" ><div id=\"pgc-1390-0-0\"  class=\"panel-grid-cell\" ><div id=\"panel-1390-0-0-0\" class=\"so-panel widget widget_sow-headline panel-first-child panel-last-child\" data-index=\"0\" ><div\n\t\t\t\n\t\t\tclass=\"so-widget-sow-headline so-widget-sow-headline-default-ce27f50bef30-1390 so-widget-fittext-wrapper\"\n\t\t\t data-fit-text-compressor=\"0.85\"\n\t\t><div class=\"sow-headline-container \">\n\t\t\t\t\t\t\t<h2 class=\"sow-headline\">\n\t\t\t\t\t\tTrampolim\t\t\t\t\t\t<\/h2>\n\t\t\t\t\t\t\t\t\t\t\t<div class=\"decoration\">\n\t\t\t\t\t\t<div class=\"decoration-inside\"><\/div>\n\t\t\t\t\t<\/div>\n\t\t\t\t\t<\/div>\n<\/div><\/div><\/div><\/div><\/div><div id=\"pg-1390-1\"  class=\"panel-grid panel-has-style\" ><div class=\"panel-row-style panel-row-style-for-1390-1\" ><div id=\"pgc-1390-1-0\"  class=\"panel-grid-cell\" ><div id=\"panel-1390-1-0-0\" class=\"so-panel widget widget_sow-editor panel-first-child panel-last-child\" data-index=\"1\" ><div\n\t\t\t\n\t\t\tclass=\"so-widget-sow-editor so-widget-sow-editor-base\"\n\t\t\t\n\t\t>\n<div class=\"siteorigin-widget-tinymce textwidget\">\n\tngg_shortcode_0_placeholder\n<\/div>\n<\/div><\/div><\/div><div id=\"pgc-1390-1-1\"  class=\"panel-grid-cell\" ><div id=\"panel-1390-1-1-0\" class=\"so-panel widget widget_sow-editor panel-first-child\" data-index=\"2\" ><div\n\t\t\t\n\t\t\tclass=\"so-widget-sow-editor so-widget-sow-editor-base\"\n\t\t\t\n\t\t>\n<div class=\"siteorigin-widget-tinymce textwidget\">\n\t<p style=\"text-align: justify;\">Al\u00e9m de se divertirem sem parar, os trampolins ou camas el\u00e1sticas para crian\u00e7as permitem exercitar e fortalecer os m\u00fasculos do corpo, de uma forma saud\u00e1vel na companhia dos seus amigos.<\/p>\n<\/div>\n<\/div><\/div><div id=\"panel-1390-1-1-1\" class=\"so-panel widget widget_sow-editor\" data-index=\"3\" ><div\n\t\t\t\n\t\t\tclass=\"so-widget-sow-editor so-widget-sow-editor-base\"\n\t\t\t\n\t\t>\n<div class=\"siteorigin-widget-tinymce textwidget\">\n\t<p>Di\u00e2metro: (4,1) m<\/p>\n<\/div>\n<\/div><\/div><div id=\"panel-1390-1-1-2\" class=\"so-panel widget widget_sow-editor\" data-index=\"4\" ><div\n\t\t\t\n\t\t\tclass=\"so-widget-sow-editor so-widget-sow-editor-base\"\n\t\t\t\n\t\t>\n<div class=\"siteorigin-widget-tinymce textwidget\">\n\t<hr \/>\n<p>Valor: 100,00\u20ac<\/p>\n<hr \/>\n<\/div>\n<\/div><\/div><div id=\"panel-1390-1-1-3\" class=\"so-panel widget widget_pagesinwidgets_page_section pagesinwidgets_page_section panel-last-child\" data-index=\"5\" >\t\t\t<div class=\"homepage_section\">\r\n\t\t\t\t<div id=\"pl-1096\"  class=\"panel-layout\" ><div id=\"pg-1096-0\"  class=\"panel-grid panel-no-style\" ><div id=\"pgc-1096-0-0\"  class=\"panel-grid-cell\" ><div id=\"panel-1096-0-0-0\" class=\"so-panel widget widget_sow-editor panel-first-child panel-last-child\" data-index=\"0\" ><div\n\t\t\t\n\t\t\tclass=\"so-widget-sow-editor so-widget-sow-editor-base\"\n\t\t\t\n\t\t>\n<div class=\"siteorigin-widget-tinymce textwidget\">\n\t<p style=\"text-align: justify;\"><small>Ao valor indicado, acresce IVA \u00e0 taxa de 23% e 1,00\u20ac por km, relativo ao transporte, montagem e desmontagem do equipamento.<\/small><\/p>\n<\/div>\n<\/div><\/div><\/div><\/div><\/div>\t\t\t\t<\/div>\r\n\t\t\t<\/div><\/div><\/div><\/div><div id=\"pg-1390-2\"  class=\"panel-grid panel-no-style\" ><div id=\"pgc-1390-2-0\"  class=\"panel-grid-cell\" ><div id=\"panel-1390-2-0-0\" class=\"so-panel widget widget_sow-post-carousel panel-first-child panel-last-child\" data-index=\"6\" ><div\n\t\t\t\n\t\t\tclass=\"so-widget-sow-post-carousel so-widget-sow-post-carousel-base-1be60392fd48-1096\"\n\t\t\t\n\t\t>\t<div\n\t\tclass=\"sow-post-carousel-wrapper sow-post-carousel-theme-base\"\n\t\tstyle=\"overflow: hidden; max-width: 100%; min-height: 150px\"\n\t>\n\t\t<div class=\"sow-carousel-title has-title\">\n\t<h3 class=\"widget-title\">Equipamentos relacionados<\/h3>\t\t<div class=\"sow-carousel-navigation \">\n\t\t\t\t\t\t<a href=\"#\" class=\"sow-carousel-next\" title=\"Next\" aria-label=\"Next Posts\" role=\"button\"><\/a>\n\t\t\t\t\t\t<a href=\"#\" class=\"sow-carousel-previous\" title=\"Previous\" aria-label=\"Previous Posts\" role=\"button\"><\/a>\n\t\t\t\t\t<\/div>\n\t<\/div>\n\n<div class=\"sow-carousel-container \">\n\t\t<div class=\"sow-carousel-wrapper\"\n\t\tdata-dir=\"ltr\"\n\t\tstyle=\"opacity: 0;\"\n\t\tdata-widget=\"post\" data-fetching=\"false\" data-page=\"1\" data-ajax-url=\"https:\/\/www.fourwinds.pt\/inicio\/wp-admin\/admin-ajax.php?_widgets_nonce=7a3f05b2e7\" data-item_count=\"1\" data-carousel_settings=\"{&quot;loop&quot;:true,&quot;animation&quot;:&quot;Ease&quot;,&quot;animation_speed&quot;:1000,&quot;autoplay&quot;:&quot;on&quot;,&quot;pauseOnHover&quot;:false,&quot;autoplaySpeed&quot;:8000,&quot;item_overflow&quot;:true,&quot;autoplay_continuous_scroll&quot;:false}\" data-responsive=\"{&quot;desktop_slides_to_scroll&quot;:1,&quot;tablet_landscape_breakpoint&quot;:1366,&quot;tablet_landscape_slides_to_scroll&quot;:2,&quot;tablet_portrait_breakpoint&quot;:1025,&quot;tablet_portrait_slides_to_scroll&quot;:2,&quot;mobile_breakpoint&quot;:480,&quot;mobile_slides_to_scroll&quot;:1}\" data-variable_width=\"true\" \t>\n\t\t<div\n\t\t\tclass=\"sow-carousel-items\"\n\t\t\t\t\t>\n\t\t\t\t<div class=\"sow-carousel-item\" tabindex=\"-1\" style=\"float: left;\">\n\t\t<div class=\"sow-carousel-thumbnail\">\n\t\t\t\t\t\t\t<a\n\t\t\t\t\thref=\"https:\/\/www.fourwinds.pt\/inicio\/trampolim-2\/\"\n\t\t\t\t\t\t\t\t\t\tstyle=\"background-image: url( https:\/\/www.fourwinds.pt\/inicio\/wp-content\/uploads\/2022\/12\/trampolim-150x150.jpg )\"\n\t\t\t\t\taria-labelledby=\"sow-carousel-id-1390\"\n\t\t\t\t\ttabindex=\"-1\"\n\t\t\t\t>\n\t\t\t\t\t<span class=\"overlay\"><\/span>\n\t\t\t\t<\/a>\n\t\t\t\t\t<\/div>\n\t\t<h5 class=\"sow-carousel-item-title\">\n\t\t\t<a\n\t\t\t\thref=\"https:\/\/www.fourwinds.pt\/inicio\/trampolim-2\/\"\n\t\t\t\tid=\"sow-carousel-id-1390\"\n\t\t\t\t\t\t\t\ttabindex=\"-1\"\n\t\t\t>\n\n\t\t\t\tTrampolim\t\t\t<\/a>\n\t\t<\/h5>\n\t<\/div>\n\t\t\t<\/div>\n\t\t\t<\/div>\n\n\t<\/div>\n\t\t<input type=\"hidden\" name=\"instance_hash\" value=\"bb500114\"\/>\n\t<\/div>\n<\/div><\/div><\/div><\/div><div id=\"pg-1390-3\"  class=\"panel-grid panel-has-style\" ><div class=\"siteorigin-panels-stretch panel-row-style panel-row-style-for-1390-3\" data-stretch-type=\"full-stretched\" ><div id=\"pgc-1390-3-0\"  class=\"panel-grid-cell\" ><div id=\"panel-1390-3-0-0\" class=\"so-panel widget widget_pagesinwidgets_page_section pagesinwidgets_page_section panel-first-child panel-last-child\" data-index=\"7\" >\t\t\t<div class=\"homepage_section\">\r\n\t\t\t\t<div id=\"pl-1001\"  class=\"panel-layout\" ><div id=\"pg-1001-0\"  class=\"panel-grid panel-has-style\" ><div class=\"siteorigin-panels-stretch panel-row-style panel-row-style-for-1001-0\" data-stretch-type=\"full-stretched\" ><div id=\"pgc-1001-0-0\"  class=\"panel-grid-cell\" ><div id=\"panel-1001-0-0-0\" class=\"so-panel widget widget_sow-headline panel-first-child panel-last-child\" data-index=\"0\" ><div\n\t\t\t\n\t\t\tclass=\"so-widget-sow-headline so-widget-sow-headline-default-37e3a06f2e7c-1001\"\n\t\t\t\n\t\t><div class=\"sow-headline-container \">\n\t\t\t\t\t\t<div class=\"decoration\">\n\t\t\t\t\t\t<div class=\"decoration-inside\"><\/div>\n\t\t\t\t\t<\/div>\n\t\t\t\t\t<\/div>\n<\/div><\/div><\/div><\/div><\/div><div id=\"pg-1001-1\"  class=\"panel-grid panel-has-style\" ><div class=\"siteorigin-panels-stretch panel-row-style panel-row-style-for-1001-1\" data-stretch-type=\"full-stretched\" ><div id=\"pgc-1001-1-0\"  class=\"panel-grid-cell\" ><div id=\"panel-1001-1-0-0\" class=\"so-panel widget widget_sow-headline panel-first-child\" data-index=\"1\" ><div\n\t\t\t\n\t\t\tclass=\"so-widget-sow-headline so-widget-sow-headline-default-d6667f847359-1001 so-widget-fittext-wrapper\"\n\t\t\t data-fit-text-compressor=\"0.85\"\n\t\t><div class=\"sow-headline-container \">\n\t\t\t\t\t\t\t<h3 class=\"sow-headline\">\n\t\t\t\t\t\tPe\u00e7a-nos um or\u00e7amento\t\t\t\t\t\t<\/h3>\n\t\t\t\t\t\t\t\t\t\t\t\t<p class=\"sow-sub-headline\">\n\t\t\t\t\t\tPersonalizamos o seu evento\t\t\t\t\t\t<\/p>\n\t\t\t\t\t\t<\/div>\n<\/div><\/div><div id=\"panel-1001-1-0-1\" class=\"so-panel widget widget_sow-button panel-last-child\" data-index=\"2\" ><div\n\t\t\t\n\t\t\tclass=\"so-widget-sow-button so-widget-sow-button-wire-1f2c1a560c64-1001\"\n\t\t\t\n\t\t><div class=\"ow-button-base ow-button-align-center\"\n>\n\t\t\t<a\n\t\t\t\t\thref=\"https:\/\/www.fourwinds.pt\/inicio\/contatos\/#formulario\"\n\t\t\t\t\tclass=\"sowb-button ow-icon-placement-left ow-button-hover\" \t>\n\t\t<span>\n\t\t\t\n\t\t\tOr\u00e7amento\t\t<\/span>\n\t\t\t<\/a>\n\t<\/div>\n<\/div><\/div><\/div><div id=\"pgc-1001-1-1\"  class=\"panel-grid-cell\" ><div id=\"panel-1001-1-1-0\" class=\"so-panel widget widget_sow-headline panel-first-child\" data-index=\"3\" ><div\n\t\t\t\n\t\t\tclass=\"so-widget-sow-headline so-widget-sow-headline-default-e7ef05371c0e-1001 so-widget-fittext-wrapper\"\n\t\t\t data-fit-text-compressor=\"0.85\"\n\t\t><div class=\"sow-headline-container \">\n\t\t\t\t\t\t\t<h3 class=\"sow-headline\">\n\t\t\t\t\t\tConectados com o mundo\t\t\t\t\t\t<\/h3>\n\t\t\t\t\t\t\t\t\t\t\t\t<p class=\"sow-sub-headline\">\n\t\t\t\t\t\tEstamos presentes nas redes sociais\t\t\t\t\t\t<\/p>\n\t\t\t\t\t\t<\/div>\n<\/div><\/div><div id=\"panel-1001-1-1-1\" class=\"so-panel widget widget_sow-social-media-buttons panel-last-child\" data-index=\"4\" ><div\n\t\t\t\n\t\t\tclass=\"so-widget-sow-social-media-buttons so-widget-sow-social-media-buttons-flat-a55131d9e750-1001\"\n\t\t\t\n\t\t>\n\n<div class=\"social-media-button-container\">\n\t\n\t\t<a \n\t\tclass=\"ow-button-hover sow-social-media-button-facebook-0 sow-social-media-button\" title=\"Fourwinds on Facebook\" aria-label=\"Fourwinds on Facebook\" target=\"_blank\" rel=\"noopener noreferrer\" href=\"https:\/\/www.facebook.com\/FourWindsAnimacaoTuristica\" \t\t>\n\t\t\t<span>\n\t\t\t\t\t\t\t\t<span class=\"sow-icon-fontawesome sow-fab\" data-sow-icon=\"&#xf39e;\"\n\t\t \n\t\taria-hidden=\"true\"><\/span>\t\t\t\t\t\t\t<\/span>\n\t\t<\/a>\n\t<\/div>\n<\/div><\/div><\/div><div id=\"pgc-1001-1-2\"  class=\"panel-grid-cell\" ><div id=\"panel-1001-1-2-0\" class=\"so-panel widget widget_sow-headline panel-first-child\" data-index=\"5\" ><div\n\t\t\t\n\t\t\tclass=\"so-widget-sow-headline so-widget-sow-headline-default-d6667f847359-1001 so-widget-fittext-wrapper\"\n\t\t\t data-fit-text-compressor=\"0.85\"\n\t\t><div class=\"sow-headline-container \">\n\t\t\t\t\t\t\t<h3 class=\"sow-headline\">\n\t\t\t\t\t\tVisite-nos\t\t\t\t\t\t<\/h3>\n\t\t\t\t\t\t<\/div>\n<\/div><\/div><div id=\"panel-1001-1-2-1\" class=\"so-panel widget widget_sow-editor panel-last-child\" data-index=\"6\" ><div\n\t\t\t\n\t\t\tclass=\"so-widget-sow-editor so-widget-sow-editor-base\"\n\t\t\t\n\t\t>\n<div class=\"siteorigin-widget-tinymce textwidget\">\n\t<p style=\"text-align: center;\"><small>Jardim P\u00fablico de Porto Covo<br \/>\nde 01 JULHO a 10 SETEMBRO<\/small><\/p>\n<p style=\"text-align: center;\">Jardim P\u00fablico de Vila Nova de Mil Fontes<br \/>\n1\u00ba fim-de-semana de cada m\u00eas<\/p>\n<p style=\"text-align: center;\">Ilha do Pessegueiro<br \/>\nde 15 JULHO a 30 AGOSTO<\/p>\n<\/div>\n<\/div><\/div><\/div><\/div><\/div><\/div>\t\t\t\t<\/div>\r\n\t\t\t<\/div><\/div><\/div><\/div><\/div>","protected":false},"excerpt":{"rendered":"<p>Al\u00e9m de se divertirem sem parar, os trampolins ou camas el\u00e1sticas para crian\u00e7as permitem exercitar e fortalecer os m\u00fasculos do corpo, de uma forma saud\u00e1vel na companhia dos seus amigos. Di\u00e2metro: (4,1) m Valor: 100,00\u20ac<\/p>\n","protected":false},"author":2,"featured_media":1173,"parent":0,"menu_order":0,"comment_status":"closed","ping_status":"closed","template":"","meta":{"ngg_post_thumbnail":0,"_joinchat":[],"footnotes":""},"categories":[7],"tags":[],"class_list":["post-1390","page","type-page","status-publish","has-post-thumbnail","hentry","category-trampolim"],"_links":{"self":[{"href":"https:\/\/www.fourwinds.pt\/inicio\/wp-json\/wp\/v2\/pages\/1390","targetHints":{"allow":["GET"]}}],"collection":[{"href":"https:\/\/www.fourwinds.pt\/inicio\/wp-json\/wp\/v2\/pages"}],"about":[{"href":"https:\/\/www.fourwinds.pt\/inicio\/wp-json\/wp\/v2\/types\/page"}],"author":[{"embeddable":true,"href":"https:\/\/www.fourwinds.pt\/inicio\/wp-json\/wp\/v2\/users\/2"}],"replies":[{"embeddable":true,"href":"https:\/\/www.fourwinds.pt\/inicio\/wp-json\/wp\/v2\/comments?post=1390"}],"version-history":[{"count":27,"href":"https:\/\/www.fourwinds.pt\/inicio\/wp-json\/wp\/v2\/pages\/1390\/revisions"}],"predecessor-version":[{"id":2264,"href":"https:\/\/www.fourwinds.pt\/inicio\/wp-json\/wp\/v2\/pages\/1390\/revisions\/2264"}],"wp:featuredmedia":[{"embeddable":true,"href":"https:\/\/www.fourwinds.pt\/inicio\/wp-json\/wp\/v2\/media\/1173"}],"wp:attachment":[{"href":"https:\/\/www.fourwinds.pt\/inicio\/wp-json\/wp\/v2\/media?parent=1390"}],"wp:term":[{"taxonomy":"category","embeddable":true,"href":"https:\/\/www.fourwinds.pt\/inicio\/wp-json\/wp\/v2\/categories?post=1390"},{"taxonomy":"post_tag","embeddable":true,"href":"https:\/\/www.fourwinds.pt\/inicio\/wp-json\/wp\/v2\/tags?post=1390"}],"curies":[{"name":"wp","href":"https:\/\/api.w.org\/{rel}","templated":true}]}}